{"id":7,"date":"2022-02-02T12:24:08","date_gmt":"2022-02-02T12:24:08","guid":{"rendered":"https:\/\/lodisna.com\/?page_id=7"},"modified":"2022-02-17T17:26:20","modified_gmt":"2022-02-17T17:26:20","slug":"transport-logistique-entreprise","status":"publish","type":"page","link":"https:\/\/lodisna.com\/fr\/empresa-transporte-logistica\/","title":{"rendered":"Empresa de transporte y log\u00edstica"},"content":{"rendered":"","protected":false},"excerpt":{"rendered":"","protected":false},"author":1,"featured_media":0,"parent":0,"menu_order":0,"comment_status":"closed","ping_status":"closed","template":"","meta":{"footnotes":""},"class_list":["post-7","page","type-page","status-publish","hentry"],"yoast_head":"<!-- This site is optimized with the Yoast SEO plugin v27.4 - https:\/\/yoast.com\/product\/yoast-seo-wordpress\/ -->\n<title>LODISNA - Empresa de transporte y log\u00edstica<\/title>\n<meta name=\"description\" content=\"En nuestra empresa de transporte y log\u00edstica podr\u00e1s hacer llegar tu carga a cualquier lugar nacional o internacional de la Uni\u00f3n Europea.\" \/>\n<meta name=\"robots\" content=\"index, follow, max-snippet:-1, max-image-preview:large, max-video-preview:-1\" \/>\n<link rel=\"canonical\" href=\"https:\/\/lodisna.com\/fr\/transport-logistique-entreprise\/\" \/>\n<meta property=\"og:locale\" content=\"fr_FR\" \/>\n<meta property=\"og:type\" content=\"article\" \/>\n<meta property=\"og:title\" content=\"LODISNA - Empresa de transporte y log\u00edstica\" \/>\n<meta property=\"og:description\" content=\"En nuestra empresa de transporte y log\u00edstica podr\u00e1s hacer llegar tu carga a cualquier lugar nacional o internacional de la Uni\u00f3n Europea.\" \/>\n<meta property=\"og:url\" content=\"https:\/\/lodisna.com\/fr\/transport-logistique-entreprise\/\" \/>\n<meta property=\"og:site_name\" content=\"LODISNA\" \/>\n<meta property=\"article:publisher\" content=\"https:\/\/www.facebook.com\/lodisna\/\" \/>\n<meta property=\"article:modified_time\" content=\"2022-02-17T17:26:20+00:00\" \/>\n<meta name=\"twitter:card\" content=\"summary_large_image\" \/>\n<script type=\"application\/ld+json\" class=\"yoast-schema-graph\">{\"@context\":\"https:\\\/\\\/schema.org\",\"@graph\":[{\"@type\":\"WebPage\",\"@id\":\"https:\\\/\\\/lodisna.com\\\/empresa-transporte-logistica\\\/\",\"url\":\"https:\\\/\\\/lodisna.com\\\/empresa-transporte-logistica\\\/\",\"name\":\"LODISNA - Empresa de transporte y log\u00edstica\",\"isPartOf\":{\"@id\":\"https:\\\/\\\/lodisna.com\\\/#website\"},\"datePublished\":\"2022-02-02T12:24:08+00:00\",\"dateModified\":\"2022-02-17T17:26:20+00:00\",\"description\":\"En nuestra empresa de transporte y log\u00edstica podr\u00e1s hacer llegar tu carga a cualquier lugar nacional o internacional de la Uni\u00f3n Europea.\",\"breadcrumb\":{\"@id\":\"https:\\\/\\\/lodisna.com\\\/empresa-transporte-logistica\\\/#breadcrumb\"},\"inLanguage\":\"fr-FR\",\"potentialAction\":[{\"@type\":\"ReadAction\",\"target\":[\"https:\\\/\\\/lodisna.com\\\/empresa-transporte-logistica\\\/\"]}]},{\"@type\":\"BreadcrumbList\",\"@id\":\"https:\\\/\\\/lodisna.com\\\/empresa-transporte-logistica\\\/#breadcrumb\",\"itemListElement\":[{\"@type\":\"ListItem\",\"position\":1,\"name\":\"Portada\",\"item\":\"https:\\\/\\\/lodisna.com\\\/\"},{\"@type\":\"ListItem\",\"position\":2,\"name\":\"Empresa de transporte y log\u00edstica\"}]},{\"@type\":\"WebSite\",\"@id\":\"https:\\\/\\\/lodisna.com\\\/#website\",\"url\":\"https:\\\/\\\/lodisna.com\\\/\",\"name\":\"LODISNA\",\"description\":\"Transport &amp; Logistics\",\"publisher\":{\"@id\":\"https:\\\/\\\/lodisna.com\\\/#organization\"},\"potentialAction\":[{\"@type\":\"SearchAction\",\"target\":{\"@type\":\"EntryPoint\",\"urlTemplate\":\"https:\\\/\\\/lodisna.com\\\/?s={search_term_string}\"},\"query-input\":{\"@type\":\"PropertyValueSpecification\",\"valueRequired\":true,\"valueName\":\"search_term_string\"}}],\"inLanguage\":\"fr-FR\"},{\"@type\":\"Organization\",\"@id\":\"https:\\\/\\\/lodisna.com\\\/#organization\",\"name\":\"LODISNA\",\"url\":\"https:\\\/\\\/lodisna.com\\\/\",\"logo\":{\"@type\":\"ImageObject\",\"inLanguage\":\"fr-FR\",\"@id\":\"https:\\\/\\\/lodisna.com\\\/#\\\/schema\\\/logo\\\/image\\\/\",\"url\":\"https:\\\/\\\/lodisna.com\\\/wp-content\\\/uploads\\\/2025\\\/05\\\/lodisna.jpg\",\"contentUrl\":\"https:\\\/\\\/lodisna.com\\\/wp-content\\\/uploads\\\/2025\\\/05\\\/lodisna.jpg\",\"width\":906,\"height\":325,\"caption\":\"LODISNA\"},\"image\":{\"@id\":\"https:\\\/\\\/lodisna.com\\\/#\\\/schema\\\/logo\\\/image\\\/\"},\"sameAs\":[\"https:\\\/\\\/www.facebook.com\\\/lodisna\\\/\",\"https:\\\/\\\/es.linkedin.com\\\/company\\\/lodisna\"]}]}<\/script>\n<!-- \/ Yoast SEO plugin. -->","yoast_head_json":{"title":"LODISNA - Empresa de transporte y log\u00edstica","description":"En nuestra empresa de transporte y log\u00edstica podr\u00e1s hacer llegar tu carga a cualquier lugar nacional o internacional de la Uni\u00f3n Europea.","robots":{"index":"index","follow":"follow","max-snippet":"max-snippet:-1","max-image-preview":"max-image-preview:large","max-video-preview":"max-video-preview:-1"},"canonical":"https:\/\/lodisna.com\/fr\/transport-logistique-entreprise\/","og_locale":"fr_FR","og_type":"article","og_title":"LODISNA - Empresa de transporte y log\u00edstica","og_description":"En nuestra empresa de transporte y log\u00edstica podr\u00e1s hacer llegar tu carga a cualquier lugar nacional o internacional de la Uni\u00f3n Europea.","og_url":"https:\/\/lodisna.com\/fr\/transport-logistique-entreprise\/","og_site_name":"LODISNA","article_publisher":"https:\/\/www.facebook.com\/lodisna\/","article_modified_time":"2022-02-17T17:26:20+00:00","twitter_card":"summary_large_image","schema":{"@context":"https:\/\/schema.org","@graph":[{"@type":"WebPage","@id":"https:\/\/lodisna.com\/empresa-transporte-logistica\/","url":"https:\/\/lodisna.com\/empresa-transporte-logistica\/","name":"LODISNA - Empresa de transporte y log\u00edstica","isPartOf":{"@id":"https:\/\/lodisna.com\/#website"},"datePublished":"2022-02-02T12:24:08+00:00","dateModified":"2022-02-17T17:26:20+00:00","description":"En nuestra empresa de transporte y log\u00edstica podr\u00e1s hacer llegar tu carga a cualquier lugar nacional o internacional de la Uni\u00f3n Europea.","breadcrumb":{"@id":"https:\/\/lodisna.com\/empresa-transporte-logistica\/#breadcrumb"},"inLanguage":"fr-FR","potentialAction":[{"@type":"ReadAction","target":["https:\/\/lodisna.com\/empresa-transporte-logistica\/"]}]},{"@type":"BreadcrumbList","@id":"https:\/\/lodisna.com\/empresa-transporte-logistica\/#breadcrumb","itemListElement":[{"@type":"ListItem","position":1,"name":"Portada","item":"https:\/\/lodisna.com\/"},{"@type":"ListItem","position":2,"name":"Empresa de transporte y log\u00edstica"}]},{"@type":"WebSite","@id":"https:\/\/lodisna.com\/#website","url":"https:\/\/lodisna.com\/","name":"LODISNA","description":"Transport &amp; Logistics","publisher":{"@id":"https:\/\/lodisna.com\/#organization"},"potentialAction":[{"@type":"SearchAction","target":{"@type":"EntryPoint","urlTemplate":"https:\/\/lodisna.com\/?s={search_term_string}"},"query-input":{"@type":"PropertyValueSpecification","valueRequired":true,"valueName":"search_term_string"}}],"inLanguage":"fr-FR"},{"@type":"Organization","@id":"https:\/\/lodisna.com\/#organization","name":"LODISNA","url":"https:\/\/lodisna.com\/","logo":{"@type":"ImageObject","inLanguage":"fr-FR","@id":"https:\/\/lodisna.com\/#\/schema\/logo\/image\/","url":"https:\/\/lodisna.com\/wp-content\/uploads\/2025\/05\/lodisna.jpg","contentUrl":"https:\/\/lodisna.com\/wp-content\/uploads\/2025\/05\/lodisna.jpg","width":906,"height":325,"caption":"LODISNA"},"image":{"@id":"https:\/\/lodisna.com\/#\/schema\/logo\/image\/"},"sameAs":["https:\/\/www.facebook.com\/lodisna\/","https:\/\/es.linkedin.com\/company\/lodisna"]}]}},"_links":{"self":[{"href":"https:\/\/lodisna.com\/fr\/wp-json\/wp\/v2\/pages\/7","targetHints":{"allow":["GET"]}}],"collection":[{"href":"https:\/\/lodisna.com\/fr\/wp-json\/wp\/v2\/pages"}],"about":[{"href":"https:\/\/lodisna.com\/fr\/wp-json\/wp\/v2\/types\/page"}],"author":[{"embeddable":true,"href":"https:\/\/lodisna.com\/fr\/wp-json\/wp\/v2\/users\/1"}],"replies":[{"embeddable":true,"href":"https:\/\/lodisna.com\/fr\/wp-json\/wp\/v2\/comments?post=7"}],"version-history":[{"count":0,"href":"https:\/\/lodisna.com\/fr\/wp-json\/wp\/v2\/pages\/7\/revisions"}],"wp:attachment":[{"href":"https:\/\/lodisna.com\/fr\/wp-json\/wp\/v2\/media?parent=7"}],"curies":[{"name":"wp","href":"https:\/\/api.w.org\/{rel}","templated":true}]}}