{"id":669,"date":"2022-03-15T12:03:03","date_gmt":"2022-03-15T12:03:03","guid":{"rendered":"https:\/\/lodisna.com\/?page_id=669"},"modified":"2025-06-12T16:15:39","modified_gmt":"2025-06-12T16:15:39","slug":"compliance","status":"publish","type":"page","link":"https:\/\/lodisna.com\/fr\/compliance\/","title":{"rendered":"Compliance"},"content":{"rendered":"<div class=\"wpb-content-wrapper\"><div class=\"vc_row wpb_row vc_row-fluid compliance_uno\"><div class=\"wpb_column vc_column_container vc_col-sm-5\"><div class=\"vc_column-inner\"><div class=\"wpb_wrapper\">\n\t<div class=\"wpb_raw_code wpb_raw_html wpb_content_element\" >\n\t\t<div class=\"wpb_wrapper\">\n\t\t\t<h2 class=\"title\">Compliance:<\/h2>\n\t\t<\/div>\n\t<\/div>\n<\/div><\/div><\/div><\/div><div class=\"vc_row wpb_row vc_row-fluid\"><div class=\"wpb_column vc_column_container vc_col-sm-5\"><div class=\"vc_column-inner vc_custom_1651217287892\"><div class=\"wpb_wrapper\">\n\t<div class=\"wpb_text_column wpb_content_element\" >\n\t\t<div class=\"wpb_wrapper\">\n\t\t\t<p>Lodisna, S.L. (en adelante \u201cLODISNA\u201d) tiene la responsabilidad de llevar a cabo sus actividades como empresa del sector del transporte nacional e internacional por carretera de una manera legal y \u00e9tica. Construir confianza a trav\u00e9s de la forma en que trabajamos da seguridad a todos nuestros grupos de inter\u00e9s.<\/p>\n<p>&nbsp;<\/p>\n<p>En LODISNA estamos comprometidos con el Cumplimiento Normativo y fomentamos una cultura \u00e9tica empresarial en todos nuestros niveles.<\/p>\n\n\t\t<\/div>\n\t<\/div>\n<\/div><\/div><\/div><div class=\"wpb_column vc_column_container vc_col-sm-5 vc_col-lg-offset-1\"><div class=\"vc_column-inner\"><div class=\"wpb_wrapper\">\n\t<div class=\"wpb_text_column wpb_content_element\" >\n\t\t<div class=\"wpb_wrapper\">\n\t\t\t<p>Nuestro sistema de cumplimiento proporciona un marco claro para nuestras decisiones y acciones. Se basa en nuestro C\u00f3digo \u00c9tico y de Conducta. Todos nuestros empleados est\u00e1n comprometidos con los principios que establece y a contribuir al cumplimiento de nuestra responsabilidad corporativa.<\/p>\n\n\t\t<\/div>\n\t<\/div>\n<\/div><\/div><\/div><\/div><div class=\"vc_row wpb_row vc_row-fluid\"><div class=\"wpb_column vc_column_container vc_col-sm-12\"><div class=\"vc_column-inner\"><div class=\"wpb_wrapper\"><div class=\"vc_separator wpb_content_element vc_separator_align_center vc_sep_width_100 vc_sep_pos_align_center vc_separator_no_text wpb_content_element  wpb_content_element\" ><span class=\"vc_sep_holder vc_sep_holder_l\"><span style=\"border-color:#011c4d;\" class=\"vc_sep_line\"><\/span><\/span><span class=\"vc_sep_holder vc_sep_holder_r\"><span style=\"border-color:#011c4d;\" class=\"vc_sep_line\"><\/span><\/span>\n<\/div><\/div><\/div><\/div><\/div><div class=\"vc_row wpb_row vc_row-fluid\"><div class=\"wpb_column vc_column_container vc_col-sm-5\"><div class=\"vc_column-inner vc_custom_1651217287892\"><div class=\"wpb_wrapper\">\n\t<div class=\"wpb_text_column wpb_content_element\" >\n\t\t<div class=\"wpb_wrapper\">\n\t\t\t<h3>1. C\u00f3digo \u00c9tico y de Conducta<\/h3>\n\n\t\t<\/div>\n\t<\/div>\n\n\t<div class=\"wpb_text_column wpb_content_element\" >\n\t\t<div class=\"wpb_wrapper\">\n\t\t\t<p>El C\u00f3digo \u00c9tico y de Conducta establece nuestro compromiso de cumplir con altos est\u00e1ndares \u00e9ticos. Se aplica a todos los empleados de nuestra organizaci\u00f3n.<\/p>\n<p>&nbsp;<\/p>\n<p>Todos en nuestra organizaci\u00f3n tienen la responsabilidad de estar a la altura de este marco en su trabajo diario. Nuestro C\u00f3digo plasma los principios y las reglas b\u00e1sicas que deben inspirar el comportamiento profesional, \u00e9tico y responsable de todos los que formamos parte de LODISNA. Consideramos de gran importancia alcanzar los resultados y objetivos marcados pero tambi\u00e9n es esencial la forma en la que lo logramos.<\/p>\n<p>&nbsp;<\/p>\n<p>Este c\u00f3digo, se configura como punto de partida del modelo de \u00e9tica y cumplimiento de la Organizaci\u00f3n y pretende orientar:<\/p>\n<p>&nbsp;<\/p>\n<ul>\n<li>Las relaciones entre empleados y entre la organizaci\u00f3n sus empleados.<\/li>\n<li>Las actuaciones de los empleados con clientes, proveedores y colaboradores externos<\/li>\n<li>Las relaciones con las instituciones p\u00fablicas y privadas y con la Sociedad en general.<\/li>\n<li>Las relaciones con los competidores en el mercado.<\/li>\n<\/ul>\n\n\t\t<\/div>\n\t<\/div>\n\n\t<div class=\"wpb_text_column wpb_content_element\" >\n\t\t<div class=\"wpb_wrapper\">\n\t\t\t<p><a class=\"compliance_download\" href=\"\/compliance-docs\/codigo-etico-y-de-conducta.pdf\" target=\"_blank\" rel=\"noopener\">\u2192 Descargar aqu\u00ed<\/a><\/p>\n\n\t\t<\/div>\n\t<\/div>\n<\/div><\/div><\/div><div class=\"wpb_column vc_column_container vc_col-sm-5 vc_col-lg-offset-1\"><div class=\"vc_column-inner\"><div class=\"wpb_wrapper\">\n\t<div class=\"wpb_text_column wpb_content_element\" >\n\t\t<div class=\"wpb_wrapper\">\n\t\t\t<h3>2. Pol\u00edtica de Prevenci\u00f3n de Delitos<\/h3>\n\n\t\t<\/div>\n\t<\/div>\n\n\t<div class=\"wpb_text_column wpb_content_element\" >\n\t\t<div class=\"wpb_wrapper\">\n\t\t\t<p>Desde LODISNA ponemos de manifiesto un mensaje rotundo de oposici\u00f3n a la comisi\u00f3n de cualquier acto il\u00edcito y\/o a la comisi\u00f3n de delitos en el seno de nuestra organizaci\u00f3n. Nuestro compromiso es garantizar una cultura de cumplimiento de todas las normas y mantener una cultura empresarial \u00e9tica conforme a nuestra pol\u00edtica de prevenci\u00f3n de delitos.<\/p>\n\n\t\t<\/div>\n\t<\/div>\n\n\t<div class=\"wpb_text_column wpb_content_element\" >\n\t\t<div class=\"wpb_wrapper\">\n\t\t\t<p><a class=\"compliance_download\" href=\"\/compliance-docs\/politica-de-prevencion-de-delitos.pdf\" target=\"_blank\" rel=\"noopener\">\u2192 Descargar aqu\u00ed<\/a> <\/p>\n\n\t\t<\/div>\n\t<\/div>\n<\/div><\/div><\/div><\/div><div class=\"vc_row wpb_row vc_row-fluid\"><div class=\"wpb_column vc_column_container vc_col-sm-12\"><div class=\"vc_column-inner\"><div class=\"wpb_wrapper\"><div class=\"vc_separator wpb_content_element vc_separator_align_center vc_sep_width_100 vc_sep_pos_align_center vc_separator_no_text wpb_content_element  wpb_content_element\" ><span class=\"vc_sep_holder vc_sep_holder_l\"><span style=\"border-color:#011c4d;\" class=\"vc_sep_line\"><\/span><\/span><span class=\"vc_sep_holder vc_sep_holder_r\"><span style=\"border-color:#011c4d;\" class=\"vc_sep_line\"><\/span><\/span>\n<\/div><\/div><\/div><\/div><\/div><div class=\"vc_row wpb_row vc_row-fluid\"><div class=\"wpb_column vc_column_container vc_col-sm-5\"><div class=\"vc_column-inner vc_custom_1651217287892\"><div class=\"wpb_wrapper\">\n\t<div class=\"wpb_text_column wpb_content_element\" >\n\t\t<div class=\"wpb_wrapper\">\n\t\t\t<h3>3. C\u00f3digo de Conducta para nuestros proveedores<\/h3>\n\n\t\t<\/div>\n\t<\/div>\n\n\t<div class=\"wpb_text_column wpb_content_element\" >\n\t\t<div class=\"wpb_wrapper\">\n\t\t\t<p>LODISNA se compromete a llevar a cabo sus actividades de conformidad con todas las leyes y reglamentos aplicables. Tratamos a los dem\u00e1s con justicia, respeto e integridad.<\/p>\n<p>&nbsp;<\/p>\n<p>Se espera que nuestros proveedores act\u00faen de la misma manera. Nuestro C\u00f3digo de Conducta para nuestros Proveedores tiene como objetivo establecer un entendimiento com\u00fan sobre c\u00f3mo hacer negocios.<\/p>\n<p>&nbsp;<\/p>\n<p>Tenemos el compromiso y la firmeza de actuar \u00fanicamente con aquellos terceros que adopten est\u00e1ndares de conducta similares a los nuestros. Nuestros proveedores juegan un papel fundamental en nuestra cadena de valor y por ello promovemos y esperamos que cumplan con unos est\u00e1ndares m\u00ednimos de comportamiento \u00e9tico y responsable reflejado en nuestro C\u00f3digo de Conducta para nuestros proveedores.<\/p>\n\n\t\t<\/div>\n\t<\/div>\n\n\t<div class=\"wpb_text_column wpb_content_element\" >\n\t\t<div class=\"wpb_wrapper\">\n\t\t\t<p><a class=\"compliance_download\" href=\"\/compliance-docs\/manual-codigo-de-proveedores.pdf\" target=\"_blank\" rel=\"noopener\">\u2192 Descargar aqu\u00ed<\/a><\/p>\n\n\t\t<\/div>\n\t<\/div>\n<\/div><\/div><\/div><div class=\"wpb_column vc_column_container vc_col-sm-5 vc_col-lg-offset-1\"><div class=\"vc_column-inner\"><div class=\"wpb_wrapper\">\n\t<div class=\"wpb_text_column wpb_content_element\" >\n\t\t<div class=\"wpb_wrapper\">\n\t\t\t<h3>4. Canal de denuncias<\/h3>\n\n\t\t<\/div>\n\t<\/div>\n\n\t<div class=\"wpb_text_column wpb_content_element\" >\n\t\t<div class=\"wpb_wrapper\">\n\t\t\t<p>Construir una cultura de cumplimiento tambi\u00e9n significa construir una cultura de confianza. Dependemos de nuestros empleados &#8211; y tambi\u00e9n de terceros &#8211; para plantear cualquier inquietud que puedan tener. Los exhortamos a que nos comuniquen cualquier duda o sospecha que tengan en relaci\u00f3n con un comportamiento que no se ci\u00f1a a nuestro C\u00f3digo \u00c9tico y de Conducta o a las leyes y reglamentos aplicables.<\/p>\n<p>LODISNA pone a disposici\u00f3n de empleados, proveedores, clientes y colaboradores un Sistema Interno de Informaci\u00f3n que cumple con los exigentes requisitos previstos en la Ley 2\/2023, de 20 de febrero, reguladora de la protecci\u00f3n de las personas que informen sobre infracciones normativas y de lucha contra la corrupci\u00f3n, para que puedan comunicar cualquier irregularidad relacionada con el C\u00f3digo de Conducta, cualquier delito y cualquier infracci\u00f3n administrativa grave o muy grave. El canal de denuncias est\u00e1 gestionado por nuestro Compliance Officer, puede accederse al\u00a0 mismo <a style=\"text-decoration: underline; color: var(--rojo);\" href=\"https:\/\/centinela.lefebvre.es\/public\/concept\/2314141?access=V9suRVKLOr1b8hYK%2BlQHoyoAw2bCHMVYiDot8oJoK0Q%3D\" target=\"_blank\" rel=\"noopener\">aqu\u00ed<\/a>. Nuestro canal permite presentar denuncias an\u00f3nimas y en todo caso de una forma totalmente confidencial las 24 horas del d\u00eda, los 7 d\u00edas de la semana.<\/p>\n\n\t\t<\/div>\n\t<\/div>\n<\/div><\/div><\/div><\/div>\n<\/div>","protected":false},"excerpt":{"rendered":"Compliance: Lodisna, S.L. (en adelante \u201cLODISNA\u201d) tiene la responsabilidad de llevar a cabo sus actividades como empresa del sector del transporte nacional e internacional por carretera de una manera legal y \u00e9tica. Construir confianza a trav\u00e9s de la forma en que trabajamos da seguridad a todos nuestros grupos de inter\u00e9s. &nbsp; En LODISNA estamos comprometidos [...]","protected":false},"author":1,"featured_media":0,"parent":0,"menu_order":0,"comment_status":"closed","ping_status":"closed","template":"","meta":{"footnotes":""},"class_list":["post-669","page","type-page","status-publish","hentry"],"yoast_head":"<!-- This site is optimized with the Yoast SEO plugin v27.5 - https:\/\/yoast.com\/product\/yoast-seo-wordpress\/ -->\n<title>Compliance - LODISNA<\/title>\n<meta name=\"robots\" content=\"index, follow, max-snippet:-1, max-image-preview:large, max-video-preview:-1\" \/>\n<link rel=\"canonical\" href=\"https:\/\/lodisna.com\/fr\/compliance\/\" \/>\n<meta property=\"og:locale\" content=\"fr_FR\" \/>\n<meta property=\"og:type\" content=\"article\" \/>\n<meta property=\"og:title\" content=\"Compliance - LODISNA\" \/>\n<meta property=\"og:url\" content=\"https:\/\/lodisna.com\/fr\/compliance\/\" \/>\n<meta property=\"og:site_name\" content=\"LODISNA\" \/>\n<meta property=\"article:publisher\" content=\"https:\/\/www.facebook.com\/lodisna\/\" \/>\n<meta property=\"article:modified_time\" content=\"2025-06-12T16:15:39+00:00\" \/>\n<meta name=\"twitter:card\" content=\"summary_large_image\" \/>\n<meta name=\"twitter:label1\" content=\"Est. reading time\" \/>\n\t<meta name=\"twitter:data1\" content=\"4 minutes\" \/>\n<script type=\"application\/ld+json\" class=\"yoast-schema-graph\">{\"@context\":\"https:\\\/\\\/schema.org\",\"@graph\":[{\"@type\":\"WebPage\",\"@id\":\"https:\\\/\\\/lodisna.com\\\/compliance\\\/\",\"url\":\"https:\\\/\\\/lodisna.com\\\/compliance\\\/\",\"name\":\"Compliance - LODISNA\",\"isPartOf\":{\"@id\":\"https:\\\/\\\/lodisna.com\\\/#website\"},\"datePublished\":\"2022-03-15T12:03:03+00:00\",\"dateModified\":\"2025-06-12T16:15:39+00:00\",\"breadcrumb\":{\"@id\":\"https:\\\/\\\/lodisna.com\\\/compliance\\\/#breadcrumb\"},\"inLanguage\":\"fr-FR\",\"potentialAction\":[{\"@type\":\"ReadAction\",\"target\":[\"https:\\\/\\\/lodisna.com\\\/compliance\\\/\"]}]},{\"@type\":\"BreadcrumbList\",\"@id\":\"https:\\\/\\\/lodisna.com\\\/compliance\\\/#breadcrumb\",\"itemListElement\":[{\"@type\":\"ListItem\",\"position\":1,\"name\":\"Portada\",\"item\":\"https:\\\/\\\/lodisna.com\\\/\"},{\"@type\":\"ListItem\",\"position\":2,\"name\":\"Compliance\"}]},{\"@type\":\"WebSite\",\"@id\":\"https:\\\/\\\/lodisna.com\\\/#website\",\"url\":\"https:\\\/\\\/lodisna.com\\\/\",\"name\":\"LODISNA\",\"description\":\"Transport &amp; Logistics\",\"publisher\":{\"@id\":\"https:\\\/\\\/lodisna.com\\\/#organization\"},\"potentialAction\":[{\"@type\":\"SearchAction\",\"target\":{\"@type\":\"EntryPoint\",\"urlTemplate\":\"https:\\\/\\\/lodisna.com\\\/?s={search_term_string}\"},\"query-input\":{\"@type\":\"PropertyValueSpecification\",\"valueRequired\":true,\"valueName\":\"search_term_string\"}}],\"inLanguage\":\"fr-FR\"},{\"@type\":\"Organization\",\"@id\":\"https:\\\/\\\/lodisna.com\\\/#organization\",\"name\":\"LODISNA\",\"url\":\"https:\\\/\\\/lodisna.com\\\/\",\"logo\":{\"@type\":\"ImageObject\",\"inLanguage\":\"fr-FR\",\"@id\":\"https:\\\/\\\/lodisna.com\\\/#\\\/schema\\\/logo\\\/image\\\/\",\"url\":\"https:\\\/\\\/lodisna.com\\\/wp-content\\\/uploads\\\/2025\\\/05\\\/lodisna.jpg\",\"contentUrl\":\"https:\\\/\\\/lodisna.com\\\/wp-content\\\/uploads\\\/2025\\\/05\\\/lodisna.jpg\",\"width\":906,\"height\":325,\"caption\":\"LODISNA\"},\"image\":{\"@id\":\"https:\\\/\\\/lodisna.com\\\/#\\\/schema\\\/logo\\\/image\\\/\"},\"sameAs\":[\"https:\\\/\\\/www.facebook.com\\\/lodisna\\\/\",\"https:\\\/\\\/es.linkedin.com\\\/company\\\/lodisna\"]}]}<\/script>\n<!-- \/ Yoast SEO plugin. -->","yoast_head_json":{"title":"Compliance - LODISNA","robots":{"index":"index","follow":"follow","max-snippet":"max-snippet:-1","max-image-preview":"max-image-preview:large","max-video-preview":"max-video-preview:-1"},"canonical":"https:\/\/lodisna.com\/fr\/compliance\/","og_locale":"fr_FR","og_type":"article","og_title":"Compliance - LODISNA","og_url":"https:\/\/lodisna.com\/fr\/compliance\/","og_site_name":"LODISNA","article_publisher":"https:\/\/www.facebook.com\/lodisna\/","article_modified_time":"2025-06-12T16:15:39+00:00","twitter_card":"summary_large_image","twitter_misc":{"Est. reading time":"4 minutes"},"schema":{"@context":"https:\/\/schema.org","@graph":[{"@type":"WebPage","@id":"https:\/\/lodisna.com\/compliance\/","url":"https:\/\/lodisna.com\/compliance\/","name":"Compliance - LODISNA","isPartOf":{"@id":"https:\/\/lodisna.com\/#website"},"datePublished":"2022-03-15T12:03:03+00:00","dateModified":"2025-06-12T16:15:39+00:00","breadcrumb":{"@id":"https:\/\/lodisna.com\/compliance\/#breadcrumb"},"inLanguage":"fr-FR","potentialAction":[{"@type":"ReadAction","target":["https:\/\/lodisna.com\/compliance\/"]}]},{"@type":"BreadcrumbList","@id":"https:\/\/lodisna.com\/compliance\/#breadcrumb","itemListElement":[{"@type":"ListItem","position":1,"name":"Portada","item":"https:\/\/lodisna.com\/"},{"@type":"ListItem","position":2,"name":"Compliance"}]},{"@type":"WebSite","@id":"https:\/\/lodisna.com\/#website","url":"https:\/\/lodisna.com\/","name":"LODISNA","description":"Transport &amp; Logistics","publisher":{"@id":"https:\/\/lodisna.com\/#organization"},"potentialAction":[{"@type":"SearchAction","target":{"@type":"EntryPoint","urlTemplate":"https:\/\/lodisna.com\/?s={search_term_string}"},"query-input":{"@type":"PropertyValueSpecification","valueRequired":true,"valueName":"search_term_string"}}],"inLanguage":"fr-FR"},{"@type":"Organization","@id":"https:\/\/lodisna.com\/#organization","name":"LODISNA","url":"https:\/\/lodisna.com\/","logo":{"@type":"ImageObject","inLanguage":"fr-FR","@id":"https:\/\/lodisna.com\/#\/schema\/logo\/image\/","url":"https:\/\/lodisna.com\/wp-content\/uploads\/2025\/05\/lodisna.jpg","contentUrl":"https:\/\/lodisna.com\/wp-content\/uploads\/2025\/05\/lodisna.jpg","width":906,"height":325,"caption":"LODISNA"},"image":{"@id":"https:\/\/lodisna.com\/#\/schema\/logo\/image\/"},"sameAs":["https:\/\/www.facebook.com\/lodisna\/","https:\/\/es.linkedin.com\/company\/lodisna"]}]}},"_links":{"self":[{"href":"https:\/\/lodisna.com\/fr\/wp-json\/wp\/v2\/pages\/669","targetHints":{"allow":["GET"]}}],"collection":[{"href":"https:\/\/lodisna.com\/fr\/wp-json\/wp\/v2\/pages"}],"about":[{"href":"https:\/\/lodisna.com\/fr\/wp-json\/wp\/v2\/types\/page"}],"author":[{"embeddable":true,"href":"https:\/\/lodisna.com\/fr\/wp-json\/wp\/v2\/users\/1"}],"replies":[{"embeddable":true,"href":"https:\/\/lodisna.com\/fr\/wp-json\/wp\/v2\/comments?post=669"}],"version-history":[{"count":28,"href":"https:\/\/lodisna.com\/fr\/wp-json\/wp\/v2\/pages\/669\/revisions"}],"predecessor-version":[{"id":883,"href":"https:\/\/lodisna.com\/fr\/wp-json\/wp\/v2\/pages\/669\/revisions\/883"}],"wp:attachment":[{"href":"https:\/\/lodisna.com\/fr\/wp-json\/wp\/v2\/media?parent=669"}],"curies":[{"name":"wp","href":"https:\/\/api.w.org\/{rel}","templated":true}]}}