{"id":591,"date":"2022-02-16T11:26:52","date_gmt":"2022-02-16T11:26:52","guid":{"rendered":"https:\/\/lodisna.com\/?page_id=591"},"modified":"2026-03-31T14:44:28","modified_gmt":"2026-03-31T14:44:28","slug":"certifications","status":"publish","type":"page","link":"https:\/\/lodisna.com\/fr\/certificaciones\/","title":{"rendered":"Certificaciones"},"content":{"rendered":"<div class=\"wpb-content-wrapper\"><div class=\"vc_row wpb_row vc_row-fluid\"><div class=\"wpb_column vc_column_container vc_col-sm-12\"><div class=\"vc_column-inner\"><div class=\"wpb_wrapper\">\n\t<div class=\"wpb_text_column wpb_content_element\" >\n\t\t<div class=\"wpb_wrapper\">\n\t\t\t<div class=\"certi\">\n<article>Dans notre plan strat\u00e9gique, offrir un service de qualit\u00e9 \u00e0 nos clients est \u00e9rig\u00e9 en priorit\u00e9 absolue. Nous consid\u00e9rons la qualit\u00e9 comme un des piliers fondamentaux sur lequel est bas\u00e9 toute notre activit\u00e9. Mettre l\u2019accent sur ce d\u00e9tail qui n\u2019en pas un nous permet de r\u00e9pondre aux attentes les plus sp\u00e9cifiques des secteurs les plus exigeants.<\/article>\n<div class=\"upper\"><b>Innovation et contr\u00f4le<\/b> \u2192 <b>Contr\u00f4le et d\u00e9veloppement<\/b> \u2192 <b>D\u00e9veloppement et essai<\/b> \u2192 <b>Implantation<\/b><\/div>\n<p>Nous travaillons constamment dans la standardisation et notre <i>mindset<\/i> se base sur l\u2019am\u00e9lioration continue de tous les processus.<\/p>\n<div class=\"empresa-sellos\">\n<h3>GESTION DE LA QUALIT\u00c9<br \/>\nISO 9001<\/h3>\n<div class=\"descripcion\">Les taux de satisfaction \u00e9lev\u00e9s de nos clients sont le reflet de notre recherche de l'excellence. Un engagement envers la qualit\u00e9 qui a \u00e9t\u00e9 valid\u00e9 avec la Certification de Syst\u00e8mes de Gestion de la Qualit\u00e9 ISO 9001.<\/div>\n<div class=\"sello\"><img decoding=\"async\" src=\"\/wp-content\/themes\/lodisna\/assets\/sellos\/9001.png\" \/><\/div>\n<\/div>\n<div class=\"empresa-sellos\">\n<h3>GESTION ENVIRONNEMENTALE<br \/>\nISO 14001<\/h3>\n<div class=\"descripcion translation-block\">Nous nous effor\u00e7ons \u00e0 r\u00e9duire au maximum notre empreinte \u00e9cologique. Pour cela, tous nos v\u00e9hicules sont \u00e9quip\u00e9s de moteurs avanc\u00e9s<i> Euro 6 Step E<\/i>  de derni\u00e8re g\u00e9n\u00e9ration. Ces derniers ont pour vocation d\u2019entrainer une r\u00e9duction de la consommation de carburant et par cons\u00e9quent de r\u00e9duire les \u00e9missions de CO2.<\/div>\n<div class=\"sello\"><img decoding=\"async\" src=\"\/wp-content\/themes\/lodisna\/assets\/sellos\/14001.png\" \/><\/div>\n<\/div>\n<div class=\"empresa-sellos\">\n<h3>SANT\u00c9-S\u00c9CURIT\u00c9 AU TRAVAIL<br \/>\nISO 45001<\/h3>\n<div class=\"descripcion\">Nos collaborateurs sont une partie essentielle de notre capital. Nous misons constamment sur les am\u00e9liorations des conditions de sant\u00e9 et de s\u00e9curit\u00e9 de nos employ\u00e9s. C\u2019est dans cette optique qu\u2019en 2021 nous avons renouvel\u00e9 la certification ISO 45001.<\/div>\n<div class=\"sello\"><img decoding=\"async\" src=\"\/wp-content\/themes\/lodisna\/assets\/sellos\/45001.png\" \/><\/div>\n<\/div>\n<div class=\"empresa-sellos\">\n<h3>Gestion de la s\u00e9curit\u00e9 routi\u00e8re<br \/>\nISO 39001<\/h3>\n<div class=\"descripcion\">Notre engagement port\u00e9e sur la s\u00e9curit\u00e9 routi\u00e8re nous permet d'identifier les principaux facteurs de risque inh\u00e9rents au transport routier. Et nous permet par la suite d\u2019\u00eatre force de proposition afin d\u2019am\u00e9liorer les conditions de s\u00e9curit\u00e9 de nos conducteurs.<\/div>\n<div class=\"sello\"><img decoding=\"async\" src=\"\/wp-content\/themes\/lodisna\/assets\/sellos\/39001.png\" \/><\/div>\n<\/div>\n<div class=\"empresa-sellos\">\n<h3>Safety &amp; Quality Assessment for Sustainability<br \/>\nSQAS<\/h3>\n<div class=\"descripcion\">Accomplissement des exigences en qualit\u00e9, s\u00e9curit\u00e9 et protection de l\u2019environnement d\u00e9finies par l\u2019industrie chimique pour ses fournisseurs de services logistiques.<\/div>\n<div class=\"sello sqas\"><img decoding=\"async\" src=\"\/wp-content\/themes\/lodisna\/assets\/sellos\/sqas.png\" \/><\/div>\n<\/div>\n<div class=\"empresa-sellos\">\n<h3>International Featured Standards<br \/>\nIFS<\/h3>\n<div class=\"descripcion\">Cumplimiento de est\u00e1ndares internacionales aplicados a la calidad y seguridad alimentaria en procesos de producci\u00f3n y distribuci\u00f3n.<\/div>\n<div class=\"sello sqas\"><img decoding=\"async\" src=\"https:\/\/lodisna.com\/wp-content\/uploads\/2025\/05\/ifs-logo.png\" \/><\/div>\n<\/div>\n<div id=\"aclaracion\">\n<p><i>*Certifications pour le si\u00e8ge central.<\/i><\/p>\n<p>Pour en savoir plus, veuillez consulter notre Politique de Syst\u00e8me Int\u00e9gral de Gestion.<\/p>\n<p><i>*Certificaci\u00f3n Protocolo IFS\u00a0(International Featured Standard)<\/i><br \/>\nde seguridad alimentaria para ayudar a los proveedores a que suministren productos seguros. Certificaci\u00f3n para almacenaje en la delegaci\u00f3n de Agoncillo, La Rioja.<\/p>\n<\/div>\n<\/div>\n\n\t\t<\/div>\n\t<\/div>\n<\/div><\/div><\/div><\/div>\n<\/div>","protected":false},"excerpt":{"rendered":"En nuestro plan estrat\u00e9gico tiene una enorme importancia la gesti\u00f3n de la calidad. Entendemos la calidad como uno de los pilares estrat\u00e9gicos que articulan toda nuestra actividad, para el cumplimiento de los requisitos espec\u00edficos de los sectores m\u00e1s exigentes. Innovaci\u00f3n y control \u2192 Control y desarrollo \u2192 Desarrollo y prueba \u2192 Implementaci\u00f3n Trabajamos constantemente en [...]","protected":false},"author":1,"featured_media":0,"parent":0,"menu_order":0,"comment_status":"closed","ping_status":"closed","template":"","meta":{"footnotes":""},"class_list":["post-591","page","type-page","status-publish","hentry"],"yoast_head":"<!-- This site is optimized with the Yoast SEO plugin v27.4 - https:\/\/yoast.com\/product\/yoast-seo-wordpress\/ -->\n<title>Certificaciones - LODISNA<\/title>\n<meta name=\"robots\" content=\"index, follow, max-snippet:-1, max-image-preview:large, max-video-preview:-1\" \/>\n<link rel=\"canonical\" href=\"https:\/\/lodisna.com\/fr\/certifications\/\" \/>\n<meta property=\"og:locale\" content=\"fr_FR\" \/>\n<meta property=\"og:type\" content=\"article\" \/>\n<meta property=\"og:title\" content=\"Certificaciones - LODISNA\" \/>\n<meta property=\"og:url\" content=\"https:\/\/lodisna.com\/fr\/certifications\/\" \/>\n<meta property=\"og:site_name\" content=\"LODISNA\" \/>\n<meta property=\"article:publisher\" content=\"https:\/\/www.facebook.com\/lodisna\/\" \/>\n<meta property=\"article:modified_time\" content=\"2026-03-31T14:44:28+00:00\" \/>\n<meta property=\"og:image\" content=\"https:\/\/lodisna.com\/wp-content\/uploads\/2025\/05\/ifs-logo.png\" \/>\n<meta name=\"twitter:card\" content=\"summary_large_image\" \/>\n<meta name=\"twitter:label1\" content=\"Est. reading time\" \/>\n\t<meta name=\"twitter:data1\" content=\"4 minutes\" \/>\n<script type=\"application\/ld+json\" class=\"yoast-schema-graph\">{\"@context\":\"https:\\\/\\\/schema.org\",\"@graph\":[{\"@type\":\"WebPage\",\"@id\":\"https:\\\/\\\/lodisna.com\\\/certificaciones\\\/\",\"url\":\"https:\\\/\\\/lodisna.com\\\/certificaciones\\\/\",\"name\":\"Certificaciones - LODISNA\",\"isPartOf\":{\"@id\":\"https:\\\/\\\/lodisna.com\\\/#website\"},\"primaryImageOfPage\":{\"@id\":\"https:\\\/\\\/lodisna.com\\\/certificaciones\\\/#primaryimage\"},\"image\":{\"@id\":\"https:\\\/\\\/lodisna.com\\\/certificaciones\\\/#primaryimage\"},\"thumbnailUrl\":\"https:\\\/\\\/lodisna.com\\\/wp-content\\\/uploads\\\/2025\\\/05\\\/ifs-logo.png\",\"datePublished\":\"2022-02-16T11:26:52+00:00\",\"dateModified\":\"2026-03-31T14:44:28+00:00\",\"breadcrumb\":{\"@id\":\"https:\\\/\\\/lodisna.com\\\/certificaciones\\\/#breadcrumb\"},\"inLanguage\":\"fr-FR\",\"potentialAction\":[{\"@type\":\"ReadAction\",\"target\":[\"https:\\\/\\\/lodisna.com\\\/certificaciones\\\/\"]}]},{\"@type\":\"ImageObject\",\"inLanguage\":\"fr-FR\",\"@id\":\"https:\\\/\\\/lodisna.com\\\/certificaciones\\\/#primaryimage\",\"url\":\"https:\\\/\\\/lodisna.com\\\/wp-content\\\/uploads\\\/2025\\\/05\\\/ifs-logo.png\",\"contentUrl\":\"https:\\\/\\\/lodisna.com\\\/wp-content\\\/uploads\\\/2025\\\/05\\\/ifs-logo.png\"},{\"@type\":\"BreadcrumbList\",\"@id\":\"https:\\\/\\\/lodisna.com\\\/certificaciones\\\/#breadcrumb\",\"itemListElement\":[{\"@type\":\"ListItem\",\"position\":1,\"name\":\"Portada\",\"item\":\"https:\\\/\\\/lodisna.com\\\/\"},{\"@type\":\"ListItem\",\"position\":2,\"name\":\"Certificaciones\"}]},{\"@type\":\"WebSite\",\"@id\":\"https:\\\/\\\/lodisna.com\\\/#website\",\"url\":\"https:\\\/\\\/lodisna.com\\\/\",\"name\":\"LODISNA\",\"description\":\"Transport &amp; Logistics\",\"publisher\":{\"@id\":\"https:\\\/\\\/lodisna.com\\\/#organization\"},\"potentialAction\":[{\"@type\":\"SearchAction\",\"target\":{\"@type\":\"EntryPoint\",\"urlTemplate\":\"https:\\\/\\\/lodisna.com\\\/?s={search_term_string}\"},\"query-input\":{\"@type\":\"PropertyValueSpecification\",\"valueRequired\":true,\"valueName\":\"search_term_string\"}}],\"inLanguage\":\"fr-FR\"},{\"@type\":\"Organization\",\"@id\":\"https:\\\/\\\/lodisna.com\\\/#organization\",\"name\":\"LODISNA\",\"url\":\"https:\\\/\\\/lodisna.com\\\/\",\"logo\":{\"@type\":\"ImageObject\",\"inLanguage\":\"fr-FR\",\"@id\":\"https:\\\/\\\/lodisna.com\\\/#\\\/schema\\\/logo\\\/image\\\/\",\"url\":\"https:\\\/\\\/lodisna.com\\\/wp-content\\\/uploads\\\/2025\\\/05\\\/lodisna.jpg\",\"contentUrl\":\"https:\\\/\\\/lodisna.com\\\/wp-content\\\/uploads\\\/2025\\\/05\\\/lodisna.jpg\",\"width\":906,\"height\":325,\"caption\":\"LODISNA\"},\"image\":{\"@id\":\"https:\\\/\\\/lodisna.com\\\/#\\\/schema\\\/logo\\\/image\\\/\"},\"sameAs\":[\"https:\\\/\\\/www.facebook.com\\\/lodisna\\\/\",\"https:\\\/\\\/es.linkedin.com\\\/company\\\/lodisna\"]}]}<\/script>\n<!-- \/ Yoast SEO plugin. -->","yoast_head_json":{"title":"Certificaciones - LODISNA","robots":{"index":"index","follow":"follow","max-snippet":"max-snippet:-1","max-image-preview":"max-image-preview:large","max-video-preview":"max-video-preview:-1"},"canonical":"https:\/\/lodisna.com\/fr\/certifications\/","og_locale":"fr_FR","og_type":"article","og_title":"Certificaciones - LODISNA","og_url":"https:\/\/lodisna.com\/fr\/certifications\/","og_site_name":"LODISNA","article_publisher":"https:\/\/www.facebook.com\/lodisna\/","article_modified_time":"2026-03-31T14:44:28+00:00","og_image":[{"url":"https:\/\/lodisna.com\/wp-content\/uploads\/2025\/05\/ifs-logo.png","type":"","width":"","height":""}],"twitter_card":"summary_large_image","twitter_misc":{"Est. reading time":"4 minutes"},"schema":{"@context":"https:\/\/schema.org","@graph":[{"@type":"WebPage","@id":"https:\/\/lodisna.com\/certificaciones\/","url":"https:\/\/lodisna.com\/certificaciones\/","name":"Certificaciones - LODISNA","isPartOf":{"@id":"https:\/\/lodisna.com\/#website"},"primaryImageOfPage":{"@id":"https:\/\/lodisna.com\/certificaciones\/#primaryimage"},"image":{"@id":"https:\/\/lodisna.com\/certificaciones\/#primaryimage"},"thumbnailUrl":"https:\/\/lodisna.com\/wp-content\/uploads\/2025\/05\/ifs-logo.png","datePublished":"2022-02-16T11:26:52+00:00","dateModified":"2026-03-31T14:44:28+00:00","breadcrumb":{"@id":"https:\/\/lodisna.com\/certificaciones\/#breadcrumb"},"inLanguage":"fr-FR","potentialAction":[{"@type":"ReadAction","target":["https:\/\/lodisna.com\/certificaciones\/"]}]},{"@type":"ImageObject","inLanguage":"fr-FR","@id":"https:\/\/lodisna.com\/certificaciones\/#primaryimage","url":"https:\/\/lodisna.com\/wp-content\/uploads\/2025\/05\/ifs-logo.png","contentUrl":"https:\/\/lodisna.com\/wp-content\/uploads\/2025\/05\/ifs-logo.png"},{"@type":"BreadcrumbList","@id":"https:\/\/lodisna.com\/certificaciones\/#breadcrumb","itemListElement":[{"@type":"ListItem","position":1,"name":"Portada","item":"https:\/\/lodisna.com\/"},{"@type":"ListItem","position":2,"name":"Certificaciones"}]},{"@type":"WebSite","@id":"https:\/\/lodisna.com\/#website","url":"https:\/\/lodisna.com\/","name":"LODISNA","description":"Transport &amp; Logistics","publisher":{"@id":"https:\/\/lodisna.com\/#organization"},"potentialAction":[{"@type":"SearchAction","target":{"@type":"EntryPoint","urlTemplate":"https:\/\/lodisna.com\/?s={search_term_string}"},"query-input":{"@type":"PropertyValueSpecification","valueRequired":true,"valueName":"search_term_string"}}],"inLanguage":"fr-FR"},{"@type":"Organization","@id":"https:\/\/lodisna.com\/#organization","name":"LODISNA","url":"https:\/\/lodisna.com\/","logo":{"@type":"ImageObject","inLanguage":"fr-FR","@id":"https:\/\/lodisna.com\/#\/schema\/logo\/image\/","url":"https:\/\/lodisna.com\/wp-content\/uploads\/2025\/05\/lodisna.jpg","contentUrl":"https:\/\/lodisna.com\/wp-content\/uploads\/2025\/05\/lodisna.jpg","width":906,"height":325,"caption":"LODISNA"},"image":{"@id":"https:\/\/lodisna.com\/#\/schema\/logo\/image\/"},"sameAs":["https:\/\/www.facebook.com\/lodisna\/","https:\/\/es.linkedin.com\/company\/lodisna"]}]}},"_links":{"self":[{"href":"https:\/\/lodisna.com\/fr\/wp-json\/wp\/v2\/pages\/591","targetHints":{"allow":["GET"]}}],"collection":[{"href":"https:\/\/lodisna.com\/fr\/wp-json\/wp\/v2\/pages"}],"about":[{"href":"https:\/\/lodisna.com\/fr\/wp-json\/wp\/v2\/types\/page"}],"author":[{"embeddable":true,"href":"https:\/\/lodisna.com\/fr\/wp-json\/wp\/v2\/users\/1"}],"replies":[{"embeddable":true,"href":"https:\/\/lodisna.com\/fr\/wp-json\/wp\/v2\/comments?post=591"}],"version-history":[{"count":9,"href":"https:\/\/lodisna.com\/fr\/wp-json\/wp\/v2\/pages\/591\/revisions"}],"predecessor-version":[{"id":919,"href":"https:\/\/lodisna.com\/fr\/wp-json\/wp\/v2\/pages\/591\/revisions\/919"}],"wp:attachment":[{"href":"https:\/\/lodisna.com\/fr\/wp-json\/wp\/v2\/media?parent=591"}],"curies":[{"name":"wp","href":"https:\/\/api.w.org\/{rel}","templated":true}]}}