{"id":589,"date":"2022-02-16T11:23:37","date_gmt":"2022-02-16T11:23:37","guid":{"rendered":"https:\/\/lodisna.com\/?page_id=589"},"modified":"2023-03-02T13:47:02","modified_gmt":"2023-03-02T13:47:02","slug":"politique-sig","status":"publish","type":"page","link":"https:\/\/lodisna.com\/fr\/politica-sig\/","title":{"rendered":"Pol\u00edtica SIG"},"content":{"rendered":"<div class=\"sig\">\n<p>LODISNA est une entreprise de confiance pour nos clients, engag\u00e9e pour l'environnement et rentable pour nos investisseurs qui:<\/p>\n<ul>\n<li>R\u00e9pond aux exigences sp\u00e9cifiques des clients, l\u00e9gales et r\u00e9glementaires applicables au SIG et aux autres parties prenantes concern\u00e9es.<\/li>\n<li>Prot\u00e8ge l'environnement et contribue \u00e0 r\u00e9duire la pollution g\u00e9n\u00e9r\u00e9e par nos op\u00e9rations.<\/li>\n<li>Contribue au d\u00e9veloppement organisationnel; professionnel, humain et \u00e9thique, de ses collaborateurs.<\/li>\n<li>Elle est r\u00e9solument engag\u00e9e dans la digitalisation des processus.<\/li>\n<li>Am\u00e9liore en permanence la performance de chacun des processus.<\/li>\n<li>Assure la s\u00e9curit\u00e9 routi\u00e8re et la pr\u00e9vention de tous les risques professionnels.<\/li>\n<li>Garantit la s\u00e9curit\u00e9 des produits dans tous les processus.<\/li>\n<li>Ma\u00eetrisez la maintenance et les variations de temp\u00e9rature ma\u00eetris\u00e9es de vos transports sp\u00e9ciaux.<\/li>\n<\/ul>\n<\/div>","protected":false},"excerpt":{"rendered":"<p>LODISNA es una empresa confiable para nuestros clientes, comprometida con el medio ambiente y rentable para nuestros inversionistas que: Cumple con los requisitos espec\u00edficos de los clientes, los legales y reglamentarios aplicables al SIG y los de otras partes interesadas pertinentes. Protege al medio ambiente y contribuye a reducir la contaminaci\u00f3n que generan nuestras operaciones. [&hellip;]<\/p>\n","protected":false},"author":1,"featured_media":0,"parent":0,"menu_order":0,"comment_status":"closed","ping_status":"closed","template":"","meta":{"footnotes":""},"class_list":["post-589","page","type-page","status-publish","hentry"],"yoast_head":"<!-- This site is optimized with the Yoast SEO plugin v27.6 - https:\/\/yoast.com\/product\/yoast-seo-wordpress\/ -->\n<title>Pol\u00edtica SIG - LODISNA<\/title>\n<meta name=\"robots\" content=\"index, follow, max-snippet:-1, max-image-preview:large, max-video-preview:-1\" \/>\n<link rel=\"canonical\" href=\"https:\/\/lodisna.com\/fr\/politique-sig\/\" \/>\n<meta property=\"og:locale\" content=\"fr_FR\" \/>\n<meta property=\"og:type\" content=\"article\" \/>\n<meta property=\"og:title\" content=\"Pol\u00edtica SIG - LODISNA\" \/>\n<meta property=\"og:description\" content=\"LODISNA es una empresa confiable para nuestros clientes, comprometida con el medio ambiente y rentable para nuestros inversionistas que: Cumple con los requisitos espec\u00edficos de los clientes, los legales y reglamentarios aplicables al SIG y los de otras partes interesadas pertinentes. Protege al medio ambiente y contribuye a reducir la contaminaci\u00f3n que generan nuestras operaciones. [&hellip;]\" \/>\n<meta property=\"og:url\" content=\"https:\/\/lodisna.com\/fr\/politique-sig\/\" \/>\n<meta property=\"og:site_name\" content=\"LODISNA\" \/>\n<meta property=\"article:publisher\" content=\"https:\/\/www.facebook.com\/lodisna\/\" \/>\n<meta property=\"article:modified_time\" content=\"2023-03-02T13:47:02+00:00\" \/>\n<meta name=\"twitter:card\" content=\"summary_large_image\" \/>\n<meta name=\"twitter:label1\" content=\"Est. reading time\" \/>\n\t<meta name=\"twitter:data1\" content=\"1 minute\" \/>\n<script type=\"application\/ld+json\" class=\"yoast-schema-graph\">{\"@context\":\"https:\\\/\\\/schema.org\",\"@graph\":[{\"@type\":\"WebPage\",\"@id\":\"https:\\\/\\\/lodisna.com\\\/politica-sig\\\/\",\"url\":\"https:\\\/\\\/lodisna.com\\\/politica-sig\\\/\",\"name\":\"Pol\u00edtica SIG - LODISNA\",\"isPartOf\":{\"@id\":\"https:\\\/\\\/lodisna.com\\\/#website\"},\"datePublished\":\"2022-02-16T11:23:37+00:00\",\"dateModified\":\"2023-03-02T13:47:02+00:00\",\"breadcrumb\":{\"@id\":\"https:\\\/\\\/lodisna.com\\\/politica-sig\\\/#breadcrumb\"},\"inLanguage\":\"fr-FR\",\"potentialAction\":[{\"@type\":\"ReadAction\",\"target\":[\"https:\\\/\\\/lodisna.com\\\/politica-sig\\\/\"]}]},{\"@type\":\"BreadcrumbList\",\"@id\":\"https:\\\/\\\/lodisna.com\\\/politica-sig\\\/#breadcrumb\",\"itemListElement\":[{\"@type\":\"ListItem\",\"position\":1,\"name\":\"Portada\",\"item\":\"https:\\\/\\\/lodisna.com\\\/\"},{\"@type\":\"ListItem\",\"position\":2,\"name\":\"Pol\u00edtica SIG\"}]},{\"@type\":\"WebSite\",\"@id\":\"https:\\\/\\\/lodisna.com\\\/#website\",\"url\":\"https:\\\/\\\/lodisna.com\\\/\",\"name\":\"LODISNA\",\"description\":\"Transport &amp; Logistics\",\"publisher\":{\"@id\":\"https:\\\/\\\/lodisna.com\\\/#organization\"},\"potentialAction\":[{\"@type\":\"SearchAction\",\"target\":{\"@type\":\"EntryPoint\",\"urlTemplate\":\"https:\\\/\\\/lodisna.com\\\/?s={search_term_string}\"},\"query-input\":{\"@type\":\"PropertyValueSpecification\",\"valueRequired\":true,\"valueName\":\"search_term_string\"}}],\"inLanguage\":\"fr-FR\"},{\"@type\":\"Organization\",\"@id\":\"https:\\\/\\\/lodisna.com\\\/#organization\",\"name\":\"LODISNA\",\"url\":\"https:\\\/\\\/lodisna.com\\\/\",\"logo\":{\"@type\":\"ImageObject\",\"inLanguage\":\"fr-FR\",\"@id\":\"https:\\\/\\\/lodisna.com\\\/#\\\/schema\\\/logo\\\/image\\\/\",\"url\":\"https:\\\/\\\/lodisna.com\\\/wp-content\\\/uploads\\\/2025\\\/05\\\/lodisna.jpg\",\"contentUrl\":\"https:\\\/\\\/lodisna.com\\\/wp-content\\\/uploads\\\/2025\\\/05\\\/lodisna.jpg\",\"width\":906,\"height\":325,\"caption\":\"LODISNA\"},\"image\":{\"@id\":\"https:\\\/\\\/lodisna.com\\\/#\\\/schema\\\/logo\\\/image\\\/\"},\"sameAs\":[\"https:\\\/\\\/www.facebook.com\\\/lodisna\\\/\",\"https:\\\/\\\/es.linkedin.com\\\/company\\\/lodisna\"]}]}<\/script>\n<!-- \/ Yoast SEO plugin. -->","yoast_head_json":{"title":"Pol\u00edtica SIG - LODISNA","robots":{"index":"index","follow":"follow","max-snippet":"max-snippet:-1","max-image-preview":"max-image-preview:large","max-video-preview":"max-video-preview:-1"},"canonical":"https:\/\/lodisna.com\/fr\/politique-sig\/","og_locale":"fr_FR","og_type":"article","og_title":"Pol\u00edtica SIG - LODISNA","og_description":"LODISNA es una empresa confiable para nuestros clientes, comprometida con el medio ambiente y rentable para nuestros inversionistas que: Cumple con los requisitos espec\u00edficos de los clientes, los legales y reglamentarios aplicables al SIG y los de otras partes interesadas pertinentes. Protege al medio ambiente y contribuye a reducir la contaminaci\u00f3n que generan nuestras operaciones. [&hellip;]","og_url":"https:\/\/lodisna.com\/fr\/politique-sig\/","og_site_name":"LODISNA","article_publisher":"https:\/\/www.facebook.com\/lodisna\/","article_modified_time":"2023-03-02T13:47:02+00:00","twitter_card":"summary_large_image","twitter_misc":{"Est. reading time":"1 minute"},"schema":{"@context":"https:\/\/schema.org","@graph":[{"@type":"WebPage","@id":"https:\/\/lodisna.com\/politica-sig\/","url":"https:\/\/lodisna.com\/politica-sig\/","name":"Pol\u00edtica SIG - LODISNA","isPartOf":{"@id":"https:\/\/lodisna.com\/#website"},"datePublished":"2022-02-16T11:23:37+00:00","dateModified":"2023-03-02T13:47:02+00:00","breadcrumb":{"@id":"https:\/\/lodisna.com\/politica-sig\/#breadcrumb"},"inLanguage":"fr-FR","potentialAction":[{"@type":"ReadAction","target":["https:\/\/lodisna.com\/politica-sig\/"]}]},{"@type":"BreadcrumbList","@id":"https:\/\/lodisna.com\/politica-sig\/#breadcrumb","itemListElement":[{"@type":"ListItem","position":1,"name":"Portada","item":"https:\/\/lodisna.com\/"},{"@type":"ListItem","position":2,"name":"Pol\u00edtica SIG"}]},{"@type":"WebSite","@id":"https:\/\/lodisna.com\/#website","url":"https:\/\/lodisna.com\/","name":"LODISNA","description":"Transport &amp; Logistics","publisher":{"@id":"https:\/\/lodisna.com\/#organization"},"potentialAction":[{"@type":"SearchAction","target":{"@type":"EntryPoint","urlTemplate":"https:\/\/lodisna.com\/?s={search_term_string}"},"query-input":{"@type":"PropertyValueSpecification","valueRequired":true,"valueName":"search_term_string"}}],"inLanguage":"fr-FR"},{"@type":"Organization","@id":"https:\/\/lodisna.com\/#organization","name":"LODISNA","url":"https:\/\/lodisna.com\/","logo":{"@type":"ImageObject","inLanguage":"fr-FR","@id":"https:\/\/lodisna.com\/#\/schema\/logo\/image\/","url":"https:\/\/lodisna.com\/wp-content\/uploads\/2025\/05\/lodisna.jpg","contentUrl":"https:\/\/lodisna.com\/wp-content\/uploads\/2025\/05\/lodisna.jpg","width":906,"height":325,"caption":"LODISNA"},"image":{"@id":"https:\/\/lodisna.com\/#\/schema\/logo\/image\/"},"sameAs":["https:\/\/www.facebook.com\/lodisna\/","https:\/\/es.linkedin.com\/company\/lodisna"]}]}},"_links":{"self":[{"href":"https:\/\/lodisna.com\/fr\/wp-json\/wp\/v2\/pages\/589","targetHints":{"allow":["GET"]}}],"collection":[{"href":"https:\/\/lodisna.com\/fr\/wp-json\/wp\/v2\/pages"}],"about":[{"href":"https:\/\/lodisna.com\/fr\/wp-json\/wp\/v2\/types\/page"}],"author":[{"embeddable":true,"href":"https:\/\/lodisna.com\/fr\/wp-json\/wp\/v2\/users\/1"}],"replies":[{"embeddable":true,"href":"https:\/\/lodisna.com\/fr\/wp-json\/wp\/v2\/comments?post=589"}],"version-history":[{"count":1,"href":"https:\/\/lodisna.com\/fr\/wp-json\/wp\/v2\/pages\/589\/revisions"}],"predecessor-version":[{"id":762,"href":"https:\/\/lodisna.com\/fr\/wp-json\/wp\/v2\/pages\/589\/revisions\/762"}],"wp:attachment":[{"href":"https:\/\/lodisna.com\/fr\/wp-json\/wp\/v2\/media?parent=589"}],"curies":[{"name":"wp","href":"https:\/\/api.w.org\/{rel}","templated":true}]}}