{"id":591,"date":"2022-02-16T11:26:52","date_gmt":"2022-02-16T11:26:52","guid":{"rendered":"https:\/\/lodisna.com\/?page_id=591"},"modified":"2026-03-31T14:44:28","modified_gmt":"2026-03-31T14:44:28","slug":"certifications","status":"publish","type":"page","link":"https:\/\/lodisna.com\/en\/certificaciones\/","title":{"rendered":"Certificaciones"},"content":{"rendered":"<div class=\"wpb-content-wrapper\"><div class=\"vc_row wpb_row vc_row-fluid\"><div class=\"wpb_column vc_column_container vc_col-sm-12\"><div class=\"vc_column-inner\"><div class=\"wpb_wrapper\">\n\t<div class=\"wpb_text_column wpb_content_element\" >\n\t\t<div class=\"wpb_wrapper\">\n\t\t\t<div class=\"certi\">\n<article>Quality management is a very important part of our strategic plan. We consider quality one of the strategic pillars of our entire business, in order to comply with the specific requirements of the most demanding sectors.<\/article>\n<div class=\"upper\"><b>Innovation and control<\/b> \u2192 <b>Control and development<\/b> \u2192 <b>Development and testing<\/b> \u2192 <b>Implementation<\/b><\/div>\n<p>We work constantly on standardisation and our <i>mindset<\/i> is based on the continuous improvement of all the processes.<\/p>\n<div class=\"empresa-sellos\">\n<h3>QUALITY MANAGEMENT<br \/>\nISO 9001<\/h3>\n<div class=\"descripcion\">Our customers\u2019 high satisfaction rates endorse our search for excellence. A quality commitment that has been validated by Quality Management Systems Certification ISO 9001.<\/div>\n<div class=\"sello\"><img decoding=\"async\" src=\"\/wp-content\/themes\/lodisna\/assets\/sellos\/9001.png\" \/><\/div>\n<\/div>\n<div class=\"empresa-sellos\">\n<h3>ENVIRONMENTAL MANAGEMENT<br \/>\nISO 14001<\/h3>\n<div class=\"descripcion translation-block\">We strive to make our ecological footprint minimal. All our vehicles have latest-generation<i> Euro 6 Step E<\/i> engines, which consume and pollute less.<\/div>\n<div class=\"sello\"><img decoding=\"async\" src=\"\/wp-content\/themes\/lodisna\/assets\/sellos\/14001.png\" \/><\/div>\n<\/div>\n<div class=\"empresa-sellos\">\n<h3>HEALTH AND SAFETY AT WORK<br \/>\nISO 45001<\/h3>\n<div class=\"descripcion\">Our human team is a key part of our capital. We make it our daily commitment to improve the health and safety of our employees. That's why in 2021 we were once again certified by ISO 45001.<\/div>\n<div class=\"sello\"><img decoding=\"async\" src=\"\/wp-content\/themes\/lodisna\/assets\/sellos\/45001.png\" \/><\/div>\n<\/div>\n<div class=\"empresa-sellos\">\n<h3>Management of Road Safety<br \/>\nISO 39001<\/h3>\n<div class=\"descripcion\">Our commitment to road safety enables us to identify the main traffic risk factors, to subsequently make improvement proposals that guarantee our employees\u2019 safety on the road.<\/div>\n<div class=\"sello\"><img decoding=\"async\" src=\"\/wp-content\/themes\/lodisna\/assets\/sellos\/39001.png\" \/><\/div>\n<\/div>\n<div class=\"empresa-sellos\">\n<h3>Safety &amp; Quality Assessment for Sustainability<br \/>\nSQAS<\/h3>\n<div class=\"descripcion\">Compliance with quality, safety and environmental protection requirements defined by the chemical industry for its logistics service providers.<\/div>\n<div class=\"sello sqas\"><img decoding=\"async\" src=\"\/wp-content\/themes\/lodisna\/assets\/sellos\/sqas.png\" \/><\/div>\n<\/div>\n<div class=\"empresa-sellos\">\n<h3>International Featured Standards<br \/>\nIFS<\/h3>\n<div class=\"descripcion\">Cumplimiento de est\u00e1ndares internacionales aplicados a la calidad y seguridad alimentaria en procesos de producci\u00f3n y distribuci\u00f3n.<\/div>\n<div class=\"sello sqas\"><img decoding=\"async\" src=\"https:\/\/lodisna.com\/wp-content\/uploads\/2025\/05\/ifs-logo.png\" \/><\/div>\n<\/div>\n<div id=\"aclaracion\">\n<p><i>*Certifications for headquarters.<\/i><\/p>\n<p>To find out more, see our Comprehensive Management System Policy.<\/p>\n<p><i>*Certificaci\u00f3n Protocolo IFS\u00a0(International Featured Standard)<\/i><br \/>\nde seguridad alimentaria para ayudar a los proveedores a que suministren productos seguros. Certificaci\u00f3n para almacenaje en la delegaci\u00f3n de Agoncillo, La Rioja.<\/p>\n<\/div>\n<\/div>\n\n\t\t<\/div>\n\t<\/div>\n<\/div><\/div><\/div><\/div>\n<\/div>","protected":false},"excerpt":{"rendered":"En nuestro plan estrat\u00e9gico tiene una enorme importancia la gesti\u00f3n de la calidad. Entendemos la calidad como uno de los pilares estrat\u00e9gicos que articulan toda nuestra actividad, para el cumplimiento de los requisitos espec\u00edficos de los sectores m\u00e1s exigentes. Innovaci\u00f3n y control \u2192 Control y desarrollo \u2192 Desarrollo y prueba \u2192 Implementaci\u00f3n Trabajamos constantemente en [...]","protected":false},"author":1,"featured_media":0,"parent":0,"menu_order":0,"comment_status":"closed","ping_status":"closed","template":"","meta":{"footnotes":""},"class_list":["post-591","page","type-page","status-publish","hentry"],"yoast_head":"<!-- This site is optimized with the Yoast SEO plugin v27.5 - https:\/\/yoast.com\/product\/yoast-seo-wordpress\/ -->\n<title>Certificaciones - LODISNA<\/title>\n<meta name=\"robots\" content=\"index, follow, max-snippet:-1, max-image-preview:large, max-video-preview:-1\" \/>\n<link rel=\"canonical\" href=\"https:\/\/lodisna.com\/en\/certifications\/\" \/>\n<meta property=\"og:locale\" content=\"en_GB\" \/>\n<meta property=\"og:type\" content=\"article\" \/>\n<meta property=\"og:title\" content=\"Certificaciones - LODISNA\" \/>\n<meta property=\"og:url\" content=\"https:\/\/lodisna.com\/en\/certifications\/\" \/>\n<meta property=\"og:site_name\" content=\"LODISNA\" \/>\n<meta property=\"article:publisher\" content=\"https:\/\/www.facebook.com\/lodisna\/\" \/>\n<meta property=\"article:modified_time\" content=\"2026-03-31T14:44:28+00:00\" \/>\n<meta property=\"og:image\" content=\"https:\/\/lodisna.com\/wp-content\/uploads\/2025\/05\/ifs-logo.png\" \/>\n<meta name=\"twitter:card\" content=\"summary_large_image\" \/>\n<meta name=\"twitter:label1\" content=\"Est. reading time\" \/>\n\t<meta name=\"twitter:data1\" content=\"4 minutes\" \/>\n<script type=\"application\/ld+json\" class=\"yoast-schema-graph\">{\"@context\":\"https:\\\/\\\/schema.org\",\"@graph\":[{\"@type\":\"WebPage\",\"@id\":\"https:\\\/\\\/lodisna.com\\\/certificaciones\\\/\",\"url\":\"https:\\\/\\\/lodisna.com\\\/certificaciones\\\/\",\"name\":\"Certificaciones - LODISNA\",\"isPartOf\":{\"@id\":\"https:\\\/\\\/lodisna.com\\\/#website\"},\"primaryImageOfPage\":{\"@id\":\"https:\\\/\\\/lodisna.com\\\/certificaciones\\\/#primaryimage\"},\"image\":{\"@id\":\"https:\\\/\\\/lodisna.com\\\/certificaciones\\\/#primaryimage\"},\"thumbnailUrl\":\"https:\\\/\\\/lodisna.com\\\/wp-content\\\/uploads\\\/2025\\\/05\\\/ifs-logo.png\",\"datePublished\":\"2022-02-16T11:26:52+00:00\",\"dateModified\":\"2026-03-31T14:44:28+00:00\",\"breadcrumb\":{\"@id\":\"https:\\\/\\\/lodisna.com\\\/certificaciones\\\/#breadcrumb\"},\"inLanguage\":\"en-GB\",\"potentialAction\":[{\"@type\":\"ReadAction\",\"target\":[\"https:\\\/\\\/lodisna.com\\\/certificaciones\\\/\"]}]},{\"@type\":\"ImageObject\",\"inLanguage\":\"en-GB\",\"@id\":\"https:\\\/\\\/lodisna.com\\\/certificaciones\\\/#primaryimage\",\"url\":\"https:\\\/\\\/lodisna.com\\\/wp-content\\\/uploads\\\/2025\\\/05\\\/ifs-logo.png\",\"contentUrl\":\"https:\\\/\\\/lodisna.com\\\/wp-content\\\/uploads\\\/2025\\\/05\\\/ifs-logo.png\"},{\"@type\":\"BreadcrumbList\",\"@id\":\"https:\\\/\\\/lodisna.com\\\/certificaciones\\\/#breadcrumb\",\"itemListElement\":[{\"@type\":\"ListItem\",\"position\":1,\"name\":\"Portada\",\"item\":\"https:\\\/\\\/lodisna.com\\\/\"},{\"@type\":\"ListItem\",\"position\":2,\"name\":\"Certificaciones\"}]},{\"@type\":\"WebSite\",\"@id\":\"https:\\\/\\\/lodisna.com\\\/#website\",\"url\":\"https:\\\/\\\/lodisna.com\\\/\",\"name\":\"LODISNA\",\"description\":\"Transport &amp; Logistics\",\"publisher\":{\"@id\":\"https:\\\/\\\/lodisna.com\\\/#organization\"},\"potentialAction\":[{\"@type\":\"SearchAction\",\"target\":{\"@type\":\"EntryPoint\",\"urlTemplate\":\"https:\\\/\\\/lodisna.com\\\/?s={search_term_string}\"},\"query-input\":{\"@type\":\"PropertyValueSpecification\",\"valueRequired\":true,\"valueName\":\"search_term_string\"}}],\"inLanguage\":\"en-GB\"},{\"@type\":\"Organization\",\"@id\":\"https:\\\/\\\/lodisna.com\\\/#organization\",\"name\":\"LODISNA\",\"url\":\"https:\\\/\\\/lodisna.com\\\/\",\"logo\":{\"@type\":\"ImageObject\",\"inLanguage\":\"en-GB\",\"@id\":\"https:\\\/\\\/lodisna.com\\\/#\\\/schema\\\/logo\\\/image\\\/\",\"url\":\"https:\\\/\\\/lodisna.com\\\/wp-content\\\/uploads\\\/2025\\\/05\\\/lodisna.jpg\",\"contentUrl\":\"https:\\\/\\\/lodisna.com\\\/wp-content\\\/uploads\\\/2025\\\/05\\\/lodisna.jpg\",\"width\":906,\"height\":325,\"caption\":\"LODISNA\"},\"image\":{\"@id\":\"https:\\\/\\\/lodisna.com\\\/#\\\/schema\\\/logo\\\/image\\\/\"},\"sameAs\":[\"https:\\\/\\\/www.facebook.com\\\/lodisna\\\/\",\"https:\\\/\\\/es.linkedin.com\\\/company\\\/lodisna\"]}]}<\/script>\n<!-- \/ Yoast SEO plugin. -->","yoast_head_json":{"title":"Certificaciones - LODISNA","robots":{"index":"index","follow":"follow","max-snippet":"max-snippet:-1","max-image-preview":"max-image-preview:large","max-video-preview":"max-video-preview:-1"},"canonical":"https:\/\/lodisna.com\/en\/certifications\/","og_locale":"en_GB","og_type":"article","og_title":"Certificaciones - LODISNA","og_url":"https:\/\/lodisna.com\/en\/certifications\/","og_site_name":"LODISNA","article_publisher":"https:\/\/www.facebook.com\/lodisna\/","article_modified_time":"2026-03-31T14:44:28+00:00","og_image":[{"url":"https:\/\/lodisna.com\/wp-content\/uploads\/2025\/05\/ifs-logo.png","type":"","width":"","height":""}],"twitter_card":"summary_large_image","twitter_misc":{"Est. reading time":"4 minutes"},"schema":{"@context":"https:\/\/schema.org","@graph":[{"@type":"WebPage","@id":"https:\/\/lodisna.com\/certificaciones\/","url":"https:\/\/lodisna.com\/certificaciones\/","name":"Certificaciones - LODISNA","isPartOf":{"@id":"https:\/\/lodisna.com\/#website"},"primaryImageOfPage":{"@id":"https:\/\/lodisna.com\/certificaciones\/#primaryimage"},"image":{"@id":"https:\/\/lodisna.com\/certificaciones\/#primaryimage"},"thumbnailUrl":"https:\/\/lodisna.com\/wp-content\/uploads\/2025\/05\/ifs-logo.png","datePublished":"2022-02-16T11:26:52+00:00","dateModified":"2026-03-31T14:44:28+00:00","breadcrumb":{"@id":"https:\/\/lodisna.com\/certificaciones\/#breadcrumb"},"inLanguage":"en-GB","potentialAction":[{"@type":"ReadAction","target":["https:\/\/lodisna.com\/certificaciones\/"]}]},{"@type":"ImageObject","inLanguage":"en-GB","@id":"https:\/\/lodisna.com\/certificaciones\/#primaryimage","url":"https:\/\/lodisna.com\/wp-content\/uploads\/2025\/05\/ifs-logo.png","contentUrl":"https:\/\/lodisna.com\/wp-content\/uploads\/2025\/05\/ifs-logo.png"},{"@type":"BreadcrumbList","@id":"https:\/\/lodisna.com\/certificaciones\/#breadcrumb","itemListElement":[{"@type":"ListItem","position":1,"name":"Portada","item":"https:\/\/lodisna.com\/"},{"@type":"ListItem","position":2,"name":"Certificaciones"}]},{"@type":"WebSite","@id":"https:\/\/lodisna.com\/#website","url":"https:\/\/lodisna.com\/","name":"LODISNA","description":"Transport &amp; Logistics","publisher":{"@id":"https:\/\/lodisna.com\/#organization"},"potentialAction":[{"@type":"SearchAction","target":{"@type":"EntryPoint","urlTemplate":"https:\/\/lodisna.com\/?s={search_term_string}"},"query-input":{"@type":"PropertyValueSpecification","valueRequired":true,"valueName":"search_term_string"}}],"inLanguage":"en-GB"},{"@type":"Organization","@id":"https:\/\/lodisna.com\/#organization","name":"LODISNA","url":"https:\/\/lodisna.com\/","logo":{"@type":"ImageObject","inLanguage":"en-GB","@id":"https:\/\/lodisna.com\/#\/schema\/logo\/image\/","url":"https:\/\/lodisna.com\/wp-content\/uploads\/2025\/05\/lodisna.jpg","contentUrl":"https:\/\/lodisna.com\/wp-content\/uploads\/2025\/05\/lodisna.jpg","width":906,"height":325,"caption":"LODISNA"},"image":{"@id":"https:\/\/lodisna.com\/#\/schema\/logo\/image\/"},"sameAs":["https:\/\/www.facebook.com\/lodisna\/","https:\/\/es.linkedin.com\/company\/lodisna"]}]}},"_links":{"self":[{"href":"https:\/\/lodisna.com\/en\/wp-json\/wp\/v2\/pages\/591","targetHints":{"allow":["GET"]}}],"collection":[{"href":"https:\/\/lodisna.com\/en\/wp-json\/wp\/v2\/pages"}],"about":[{"href":"https:\/\/lodisna.com\/en\/wp-json\/wp\/v2\/types\/page"}],"author":[{"embeddable":true,"href":"https:\/\/lodisna.com\/en\/wp-json\/wp\/v2\/users\/1"}],"replies":[{"embeddable":true,"href":"https:\/\/lodisna.com\/en\/wp-json\/wp\/v2\/comments?post=591"}],"version-history":[{"count":9,"href":"https:\/\/lodisna.com\/en\/wp-json\/wp\/v2\/pages\/591\/revisions"}],"predecessor-version":[{"id":919,"href":"https:\/\/lodisna.com\/en\/wp-json\/wp\/v2\/pages\/591\/revisions\/919"}],"wp:attachment":[{"href":"https:\/\/lodisna.com\/en\/wp-json\/wp\/v2\/media?parent=591"}],"curies":[{"name":"wp","href":"https:\/\/api.w.org\/{rel}","templated":true}]}}