{"id":566,"date":"2022-02-09T09:25:33","date_gmt":"2022-02-09T09:25:33","guid":{"rendered":"https:\/\/lodisna.com\/?page_id=566"},"modified":"2022-09-14T12:02:11","modified_gmt":"2022-09-14T12:02:11","slug":"hiring","status":"publish","type":"page","link":"https:\/\/lodisna.com\/en\/contratacion\/","title":{"rendered":"Hiring"},"content":{"rendered":"<div class=\"wpb-content-wrapper\"><div class=\"vc_row wpb_row vc_row-fluid\"><div class=\"wpb_column vc_column_container vc_col-sm-12\"><div class=\"vc_column-inner\"><div class=\"wpb_wrapper\">\n<div class=\"wpcf7 no-js\" id=\"wpcf7-f628-o1\" lang=\"es-ES\" dir=\"ltr\" data-wpcf7-id=\"628\">\n<div class=\"screen-reader-response\"><p role=\"status\" aria-live=\"polite\" aria-atomic=\"true\"><\/p> <ul><\/ul><\/div>\n<form action=\"\/en\/wp-json\/wp\/v2\/pages\/566#wpcf7-f628-o1\" method=\"post\" class=\"wpcf7-form init\" aria-label=\"Contact form\" enctype=\"multipart\/form-data\" novalidate=\"novalidate\" data-status=\"init\" data-trp-original-action=\"\/en\/wp-json\/wp\/v2\/pages\/566#wpcf7-f628-o1\">\n<fieldset class=\"hidden-fields-container\"><input type=\"hidden\" name=\"_wpcf7\" value=\"628\" \/><input type=\"hidden\" name=\"_wpcf7_version\" value=\"6.1.5\" \/><input type=\"hidden\" name=\"_wpcf7_locale\" value=\"es_ES\" \/><input type=\"hidden\" name=\"_wpcf7_unit_tag\" value=\"wpcf7-f628-o1\" \/><input type=\"hidden\" name=\"_wpcf7_container_post\" value=\"0\" \/><input type=\"hidden\" name=\"_wpcf7_posted_data_hash\" value=\"\" \/><input type=\"hidden\" name=\"_wpcf7_recaptcha_response\" value=\"\" \/>\n<\/fieldset>\n<div id=\"form-izq\">\n\t<p><label><span class=\"wpcf7-form-control-wrap\" data-name=\"your-name\"><input size=\"40\" maxlength=\"400\" class=\"wpcf7-form-control wpcf7-text wpcf7-validates-as-required\" aria-required=\"true\" aria-invalid=\"false\" value=\"Nombre\" type=\"text\" name=\"your-name\" \/><\/span><\/label><label><span class=\"wpcf7-form-control-wrap\" data-name=\"tel-179\"><input size=\"40\" maxlength=\"400\" class=\"wpcf7-form-control wpcf7-tel wpcf7-validates-as-required wpcf7-text wpcf7-validates-as-tel\" aria-required=\"true\" aria-invalid=\"false\" value=\"Tel\u00e9fono\" type=\"tel\" name=\"tel-179\" \/><\/span><\/label><span class=\"wpcf7-form-control-wrap\" data-name=\"tu-archivo\"><input size=\"40\" class=\"wpcf7-form-control wpcf7-file\" accept=\".pdf,.doc,.docx,.odt\" aria-invalid=\"false\" type=\"file\" name=\"tu-archivo\" \/><\/span>.pdf | .doc | .docx | max 2MB<label><br \/>\n<\/label>\n\t<\/p>\n<\/div>\n<div id=\"form-dch\">\n\t<p><label><span class=\"wpcf7-form-control-wrap\" data-name=\"menu-591\"><select class=\"wpcf7-form-control wpcf7-select wpcf7-validates-as-required\" aria-required=\"true\" aria-invalid=\"false\" name=\"menu-591\"><option value=\"Conductor de cami\u00f3n C+E\">Conductor de cami\u00f3n C+E<\/option><option value=\"T\u00e9cnico Tr\u00e1fico\">T\u00e9cnico Tr\u00e1fico<\/option><option value=\"Gesti\u00f3n o Administraci\u00f3n\">Gesti\u00f3n o Administraci\u00f3n<\/option><\/select><\/span><\/label><label><span class=\"wpcf7-form-control-wrap\" data-name=\"your-email\"><input size=\"40\" maxlength=\"400\" class=\"wpcf7-form-control wpcf7-email wpcf7-validates-as-required wpcf7-text wpcf7-validates-as-email\" aria-required=\"true\" aria-invalid=\"false\" value=\"Email\" type=\"email\" name=\"your-email\" \/><\/span><\/label>\n\t<\/p>\n\t<div id=\"enviar_form\">\n\t\t<p><label><input class=\"wpcf7-form-control wpcf7-submit has-spinner\" type=\"submit\" value=\"Send\" \/><\/label>\n\t\t<\/p>\n\t\t<div id=\"aceptar_form\">\n\t\t\t<p><span class=\"wpcf7-form-control-wrap\" data-name=\"acceptance-940\"><span class=\"wpcf7-form-control wpcf7-acceptance\"><span class=\"wpcf7-list-item\"><input type=\"checkbox\" name=\"acceptance-940\" value=\"1\" aria-invalid=\"false\" \/><\/span><\/span><\/span> He le\u00eddo y acepto el <a href=\"\/en\/legal-warning\/\" target=\"_blank\">aviso legal<\/a> y la <a href=\"\/en\/data-protection\/\" target=\"_blank\">pol\u00edtica de protecci\u00f3n de datos<\/a>.\n\t\t\t<\/p>\n\t\t<\/div>\n\t<\/div>\n\t<div>\n\t<\/div>\n<\/div><div class=\"wpcf7-response-output\" aria-hidden=\"true\"><\/div>\n<input type=\"hidden\" name=\"trp-form-language\" value=\"en\"\/><\/form>\n<\/div>\n<\/div><\/div><\/div><\/div>\n<\/div>","protected":false},"excerpt":{"rendered":".pdf | .doc | .docx | max 2MB Conductor de cami\u00f3n C+ET\u00e9cnico Tr\u00e1ficoGesti\u00f3n o Administraci\u00f3n He le\u00eddo y acepto el aviso legal y la pol\u00edtica de protecci\u00f3n de datos.","protected":false},"author":1,"featured_media":0,"parent":0,"menu_order":0,"comment_status":"closed","ping_status":"closed","template":"","meta":{"footnotes":""},"class_list":["post-566","page","type-page","status-publish","hentry"],"yoast_head":"<!-- This site is optimized with the Yoast SEO plugin v27.4 - https:\/\/yoast.com\/product\/yoast-seo-wordpress\/ -->\n<title>Contrataci\u00f3n - LODISNA<\/title>\n<meta name=\"description\" content=\"En LODISNA buscamos profesionales que deseen incorporarse a nuestro equipo. Accede a la contrataci\u00f3n de LODISNA online.\" \/>\n<meta name=\"robots\" content=\"index, follow, max-snippet:-1, max-image-preview:large, max-video-preview:-1\" \/>\n<link rel=\"canonical\" href=\"https:\/\/lodisna.com\/en\/hiring\/\" \/>\n<meta property=\"og:locale\" content=\"en_GB\" \/>\n<meta property=\"og:type\" content=\"article\" \/>\n<meta property=\"og:title\" content=\"Contrataci\u00f3n - LODISNA\" \/>\n<meta property=\"og:description\" content=\"En LODISNA buscamos profesionales que deseen incorporarse a nuestro equipo. Accede a la contrataci\u00f3n de LODISNA online.\" \/>\n<meta property=\"og:url\" content=\"https:\/\/lodisna.com\/en\/hiring\/\" \/>\n<meta property=\"og:site_name\" content=\"LODISNA\" \/>\n<meta property=\"article:publisher\" content=\"https:\/\/www.facebook.com\/lodisna\/\" \/>\n<meta property=\"article:modified_time\" content=\"2022-09-14T12:02:11+00:00\" \/>\n<meta name=\"twitter:card\" content=\"summary_large_image\" \/>\n<meta name=\"twitter:label1\" content=\"Est. reading time\" \/>\n\t<meta name=\"twitter:data1\" content=\"1 minute\" \/>\n<script type=\"application\/ld+json\" class=\"yoast-schema-graph\">{\"@context\":\"https:\\\/\\\/schema.org\",\"@graph\":[{\"@type\":\"WebPage\",\"@id\":\"https:\\\/\\\/lodisna.com\\\/contratacion\\\/\",\"url\":\"https:\\\/\\\/lodisna.com\\\/contratacion\\\/\",\"name\":\"Contrataci\u00f3n - LODISNA\",\"isPartOf\":{\"@id\":\"https:\\\/\\\/lodisna.com\\\/#website\"},\"datePublished\":\"2022-02-09T09:25:33+00:00\",\"dateModified\":\"2022-09-14T12:02:11+00:00\",\"description\":\"En LODISNA buscamos profesionales que deseen incorporarse a nuestro equipo. Accede a la contrataci\u00f3n de LODISNA online.\",\"breadcrumb\":{\"@id\":\"https:\\\/\\\/lodisna.com\\\/contratacion\\\/#breadcrumb\"},\"inLanguage\":\"en-GB\",\"potentialAction\":[{\"@type\":\"ReadAction\",\"target\":[\"https:\\\/\\\/lodisna.com\\\/contratacion\\\/\"]}]},{\"@type\":\"BreadcrumbList\",\"@id\":\"https:\\\/\\\/lodisna.com\\\/contratacion\\\/#breadcrumb\",\"itemListElement\":[{\"@type\":\"ListItem\",\"position\":1,\"name\":\"Portada\",\"item\":\"https:\\\/\\\/lodisna.com\\\/\"},{\"@type\":\"ListItem\",\"position\":2,\"name\":\"Contrataci\u00f3n\"}]},{\"@type\":\"WebSite\",\"@id\":\"https:\\\/\\\/lodisna.com\\\/#website\",\"url\":\"https:\\\/\\\/lodisna.com\\\/\",\"name\":\"LODISNA\",\"description\":\"Transport &amp; Logistics\",\"publisher\":{\"@id\":\"https:\\\/\\\/lodisna.com\\\/#organization\"},\"potentialAction\":[{\"@type\":\"SearchAction\",\"target\":{\"@type\":\"EntryPoint\",\"urlTemplate\":\"https:\\\/\\\/lodisna.com\\\/?s={search_term_string}\"},\"query-input\":{\"@type\":\"PropertyValueSpecification\",\"valueRequired\":true,\"valueName\":\"search_term_string\"}}],\"inLanguage\":\"en-GB\"},{\"@type\":\"Organization\",\"@id\":\"https:\\\/\\\/lodisna.com\\\/#organization\",\"name\":\"LODISNA\",\"url\":\"https:\\\/\\\/lodisna.com\\\/\",\"logo\":{\"@type\":\"ImageObject\",\"inLanguage\":\"en-GB\",\"@id\":\"https:\\\/\\\/lodisna.com\\\/#\\\/schema\\\/logo\\\/image\\\/\",\"url\":\"https:\\\/\\\/lodisna.com\\\/wp-content\\\/uploads\\\/2025\\\/05\\\/lodisna.jpg\",\"contentUrl\":\"https:\\\/\\\/lodisna.com\\\/wp-content\\\/uploads\\\/2025\\\/05\\\/lodisna.jpg\",\"width\":906,\"height\":325,\"caption\":\"LODISNA\"},\"image\":{\"@id\":\"https:\\\/\\\/lodisna.com\\\/#\\\/schema\\\/logo\\\/image\\\/\"},\"sameAs\":[\"https:\\\/\\\/www.facebook.com\\\/lodisna\\\/\",\"https:\\\/\\\/es.linkedin.com\\\/company\\\/lodisna\"]}]}<\/script>\n<!-- \/ Yoast SEO plugin. -->","yoast_head_json":{"title":"Contrataci\u00f3n - LODISNA","description":"En LODISNA buscamos profesionales que deseen incorporarse a nuestro equipo. Accede a la contrataci\u00f3n de LODISNA online.","robots":{"index":"index","follow":"follow","max-snippet":"max-snippet:-1","max-image-preview":"max-image-preview:large","max-video-preview":"max-video-preview:-1"},"canonical":"https:\/\/lodisna.com\/en\/hiring\/","og_locale":"en_GB","og_type":"article","og_title":"Contrataci\u00f3n - LODISNA","og_description":"En LODISNA buscamos profesionales que deseen incorporarse a nuestro equipo. Accede a la contrataci\u00f3n de LODISNA online.","og_url":"https:\/\/lodisna.com\/en\/hiring\/","og_site_name":"LODISNA","article_publisher":"https:\/\/www.facebook.com\/lodisna\/","article_modified_time":"2022-09-14T12:02:11+00:00","twitter_card":"summary_large_image","twitter_misc":{"Est. reading time":"1 minute"},"schema":{"@context":"https:\/\/schema.org","@graph":[{"@type":"WebPage","@id":"https:\/\/lodisna.com\/contratacion\/","url":"https:\/\/lodisna.com\/contratacion\/","name":"Contrataci\u00f3n - LODISNA","isPartOf":{"@id":"https:\/\/lodisna.com\/#website"},"datePublished":"2022-02-09T09:25:33+00:00","dateModified":"2022-09-14T12:02:11+00:00","description":"En LODISNA buscamos profesionales que deseen incorporarse a nuestro equipo. Accede a la contrataci\u00f3n de LODISNA online.","breadcrumb":{"@id":"https:\/\/lodisna.com\/contratacion\/#breadcrumb"},"inLanguage":"en-GB","potentialAction":[{"@type":"ReadAction","target":["https:\/\/lodisna.com\/contratacion\/"]}]},{"@type":"BreadcrumbList","@id":"https:\/\/lodisna.com\/contratacion\/#breadcrumb","itemListElement":[{"@type":"ListItem","position":1,"name":"Portada","item":"https:\/\/lodisna.com\/"},{"@type":"ListItem","position":2,"name":"Contrataci\u00f3n"}]},{"@type":"WebSite","@id":"https:\/\/lodisna.com\/#website","url":"https:\/\/lodisna.com\/","name":"LODISNA","description":"Transport &amp; Logistics","publisher":{"@id":"https:\/\/lodisna.com\/#organization"},"potentialAction":[{"@type":"SearchAction","target":{"@type":"EntryPoint","urlTemplate":"https:\/\/lodisna.com\/?s={search_term_string}"},"query-input":{"@type":"PropertyValueSpecification","valueRequired":true,"valueName":"search_term_string"}}],"inLanguage":"en-GB"},{"@type":"Organization","@id":"https:\/\/lodisna.com\/#organization","name":"LODISNA","url":"https:\/\/lodisna.com\/","logo":{"@type":"ImageObject","inLanguage":"en-GB","@id":"https:\/\/lodisna.com\/#\/schema\/logo\/image\/","url":"https:\/\/lodisna.com\/wp-content\/uploads\/2025\/05\/lodisna.jpg","contentUrl":"https:\/\/lodisna.com\/wp-content\/uploads\/2025\/05\/lodisna.jpg","width":906,"height":325,"caption":"LODISNA"},"image":{"@id":"https:\/\/lodisna.com\/#\/schema\/logo\/image\/"},"sameAs":["https:\/\/www.facebook.com\/lodisna\/","https:\/\/es.linkedin.com\/company\/lodisna"]}]}},"_links":{"self":[{"href":"https:\/\/lodisna.com\/en\/wp-json\/wp\/v2\/pages\/566","targetHints":{"allow":["GET"]}}],"collection":[{"href":"https:\/\/lodisna.com\/en\/wp-json\/wp\/v2\/pages"}],"about":[{"href":"https:\/\/lodisna.com\/en\/wp-json\/wp\/v2\/types\/page"}],"author":[{"embeddable":true,"href":"https:\/\/lodisna.com\/en\/wp-json\/wp\/v2\/users\/1"}],"replies":[{"embeddable":true,"href":"https:\/\/lodisna.com\/en\/wp-json\/wp\/v2\/comments?post=566"}],"version-history":[{"count":4,"href":"https:\/\/lodisna.com\/en\/wp-json\/wp\/v2\/pages\/566\/revisions"}],"predecessor-version":[{"id":730,"href":"https:\/\/lodisna.com\/en\/wp-json\/wp\/v2\/pages\/566\/revisions\/730"}],"wp:attachment":[{"href":"https:\/\/lodisna.com\/en\/wp-json\/wp\/v2\/media?parent=566"}],"curies":[{"name":"wp","href":"https:\/\/api.w.org\/{rel}","templated":true}]}}